{"id":3735,"date":"2026-03-17T08:55:43","date_gmt":"2026-03-17T08:55:43","guid":{"rendered":"https:\/\/promax24-reinigung.de\/?page_id=3735"},"modified":"2026-04-09T14:58:06","modified_gmt":"2026-04-09T14:58:06","slug":"impressum","status":"publish","type":"page","link":"https:\/\/promax24-reinigung.de\/de\/impressum\/","title":{"rendered":"Impressum"},"content":{"rendered":"\t\t<div data-elementor-type=\"wp-page\" data-elementor-id=\"3735\" class=\"elementor elementor-3735\" data-elementor-post-type=\"page\">\n\t\t\t\t<div class=\"elementor-element elementor-element-05790bb e-flex e-con-boxed e-con e-parent\" data-id=\"05790bb\" data-element_type=\"container\" data-e-type=\"container\">\n\t\t\t\t\t<div class=\"e-con-inner\">\n\t\t<div class=\"elementor-element elementor-element-6666b2e e-con-full e-flex e-con e-child\" data-id=\"6666b2e\" data-element_type=\"container\" data-e-type=\"container\" data-settings=\"{&quot;background_background&quot;:&quot;classic&quot;}\">\n\t\t\t\t<div class=\"elementor-element elementor-element-dcd0534 elementor-widget elementor-widget-text-editor\" data-id=\"dcd0534\" data-element_type=\"widget\" data-e-type=\"widget\" data-widget_type=\"text-editor.default\">\n\t\t\t\t\t\t\t\t\t<h1 data-start=\"242\" data-end=\"255\">Impressum<\/h1><p data-start=\"286\" data-end=\"395\"><strong>Angaben gem\u00e4\u00df \u00a7 5 TMG:<\/strong><\/p><p data-start=\"286\" data-end=\"395\"><strong data-start=\"205\" data-end=\"254\">Promax 24 \u2013 Professionelle Reinigungsservices<\/strong><\/p><p data-start=\"286\" data-end=\"395\">Schulhausstra\u00dfe 19, 79713 Bad S\u00e4ckingen<\/p><p data-start=\"397\" data-end=\"510\"><strong data-start=\"397\" data-end=\"409\">Kontakt:<\/strong><br data-start=\"409\" data-end=\"412\" \/>Telefon:<a href=\"tel:0155 66531450\"> 0155 66531450<\/a><br data-start=\"445\" data-end=\"448\" \/>E-Mail: <a class=\"text-inherit\" href=\"mailto:info@promax24-reinigung.de\">info@promax24-reinigung.de<\/a><\/p><p data-start=\"512\" data-end=\"588\"><strong>Vertretungsberechtigte Person:<br \/><\/strong>Amer Al Saleh<\/p><p data-start=\"590\" data-end=\"709\"><strong>Umsatzsteuer-Identifikationsnummer (UID):<\/strong><br \/>[Nummer falls vorhanden]<\/p><p data-start=\"590\" data-end=\"709\"><strong data-start=\"496\" data-end=\"519\">T\u00e4tigkeitsbereiche:<br \/><\/strong>Wir bieten unsere professionellen Reinigungsservices in folgenden Regionen an: Waldshut-Tiengen, Laufenburg, Bad S\u00e4ckingen, Lauchringen, Murg und Albbruck.<\/p><p data-start=\"1274\" data-end=\"1591\"><strong>Haftungsausschluss:<br \/><\/strong>Die Inhalte dieser Website werden mit gr\u00f6\u00dftm\u00f6glicher Sorgfalt erstellt. Promax 24 \u00fcbernimmt jedoch keine Gew\u00e4hr f\u00fcr die Richtigkeit, Vollst\u00e4ndigkeit und Aktualit\u00e4t der Inhalte. Externe Links werden nicht kontrolliert; f\u00fcr deren Inhalte ist der jeweilige Anbieter verantwortlich. Promax 24 haftet nicht f\u00fcr direkte oder indirekte Sch\u00e4den, die aus der Nutzung dieser Website entstehen, soweit diese nicht auf Vorsatz oder grober Fahrl\u00e4ssigkeit beruhen. Sollte eine Formulierung dieser Erkl\u00e4rung der geltenden Rechtslage nicht entsprechen, bleibt der Haftungsausschluss im \u00dcbrigen wirksam.<\/p><p data-start=\"1593\" data-end=\"1924\"><strong data-start=\"1593\" data-end=\"1610\">Urheberrecht:<br \/><\/strong>Alle Inhalte dieser Website, einschlie\u00dflich Texte, Bilder, Grafiken und Videos, sind urheberrechtlich gesch\u00fctzt. Jegliche Vervielf\u00e4ltigung, Verbreitung oder Weitergabe der Inhalte bedarf der ausdr\u00fccklichen schriftlichen Zustimmung von Promax 24.<\/p>\t\t\t\t\t\t\t\t<\/div>\n\t\t\t\t<\/div>\n\t\t\t\t\t<\/div>\n\t\t\t\t<\/div>\n\t\t\t\t<\/div>\n\t\t","protected":false},"excerpt":{"rendered":"<p>Impressum Angaben gem\u00e4\u00df \u00a7 5 TMG: Promax 24 \u2013 Professionelle Reinigungsservices Schulhausstra\u00dfe 19, 79713 Bad S\u00e4ckingen Kontakt:Telefon: 0155 66531450E-Mail: info@promax24-reinigung.de Vertretungsberechtigte Person:Amer Al Saleh Umsatzsteuer-Identifikationsnummer (UID):[Nummer falls vorhanden] T\u00e4tigkeitsbereiche:Wir bieten unsere professionellen Reinigungsservices in folgenden Regionen an: Waldshut-Tiengen, Laufenburg, Bad S\u00e4ckingen, Lauchringen, Murg und Albbruck. Haftungsausschluss:Die Inhalte dieser Website werden mit gr\u00f6\u00dftm\u00f6glicher Sorgfalt erstellt. Promax [&hellip;]<\/p>\n","protected":false},"author":1,"featured_media":0,"parent":0,"menu_order":0,"comment_status":"closed","ping_status":"closed","template":"page-templates\/template-default.php","meta":{"_monsterinsights_skip_tracking":false,"_monsterinsights_sitenote_active":false,"_monsterinsights_sitenote_note":"","_monsterinsights_sitenote_category":0,"footnotes":""},"class_list":["post-3735","page","type-page","status-publish","hentry"],"yoast_head":"<!-- This site is optimized with the Yoast SEO plugin v27.2 - https:\/\/yoast.com\/product\/yoast-seo-wordpress\/ -->\n<title>Impressum - Promax 24<\/title>\n<meta name=\"robots\" content=\"noindex, nofollow\" \/>\n<meta property=\"og:locale\" content=\"de_DE\" \/>\n<meta property=\"og:type\" content=\"article\" \/>\n<meta property=\"og:title\" content=\"Impressum - Promax 24\" \/>\n<meta property=\"og:description\" content=\"Impressum Angaben gem\u00e4\u00df \u00a7 5 TMG: Promax 24 \u2013 Professionelle Reinigungsservices Schulhausstra\u00dfe 19, 79713 Bad S\u00e4ckingen Kontakt:Telefon: 0155 66531450E-Mail: info@promax24-reinigung.de Vertretungsberechtigte Person:Amer Al Saleh Umsatzsteuer-Identifikationsnummer (UID):[Nummer falls vorhanden] T\u00e4tigkeitsbereiche:Wir bieten unsere professionellen Reinigungsservices in folgenden Regionen an: Waldshut-Tiengen, Laufenburg, Bad S\u00e4ckingen, Lauchringen, Murg und Albbruck. Haftungsausschluss:Die Inhalte dieser Website werden mit gr\u00f6\u00dftm\u00f6glicher Sorgfalt erstellt. Promax [&hellip;]\" \/>\n<meta property=\"og:url\" content=\"https:\/\/promax24-reinigung.de\/de\/impressum\/\" \/>\n<meta property=\"og:site_name\" content=\"Promax 24\" \/>\n<meta property=\"article:modified_time\" content=\"2026-04-09T14:58:06+00:00\" \/>\n<meta name=\"twitter:card\" content=\"summary_large_image\" \/>\n<meta name=\"twitter:label1\" content=\"Gesch\u00e4tzte Lesezeit\" \/>\n\t<meta name=\"twitter:data1\" content=\"1\u00a0Minute\" \/>\n<script type=\"application\/ld+json\" class=\"yoast-schema-graph\">{\"@context\":\"https:\/\/schema.org\",\"@graph\":[{\"@type\":\"WebPage\",\"@id\":\"https:\/\/promax24-reinigung.de\/impressum\/\",\"url\":\"https:\/\/promax24-reinigung.de\/impressum\/\",\"name\":\"Impressum - Promax 24\",\"isPartOf\":{\"@id\":\"https:\/\/promax24-reinigung.de\/#website\"},\"datePublished\":\"2026-03-17T08:55:43+00:00\",\"dateModified\":\"2026-04-09T14:58:06+00:00\",\"breadcrumb\":{\"@id\":\"https:\/\/promax24-reinigung.de\/impressum\/#breadcrumb\"},\"inLanguage\":\"de\",\"potentialAction\":[{\"@type\":\"ReadAction\",\"target\":[\"https:\/\/promax24-reinigung.de\/impressum\/\"]}]},{\"@type\":\"BreadcrumbList\",\"@id\":\"https:\/\/promax24-reinigung.de\/impressum\/#breadcrumb\",\"itemListElement\":[{\"@type\":\"ListItem\",\"position\":1,\"name\":\"Home\",\"item\":\"https:\/\/promax24-reinigung.de\/\"},{\"@type\":\"ListItem\",\"position\":2,\"name\":\"Impressum\"}]},{\"@type\":\"WebSite\",\"@id\":\"https:\/\/promax24-reinigung.de\/#website\",\"url\":\"https:\/\/promax24-reinigung.de\/\",\"name\":\"Promax 24\",\"description\":\"Promax 24\",\"potentialAction\":[{\"@type\":\"SearchAction\",\"target\":{\"@type\":\"EntryPoint\",\"urlTemplate\":\"https:\/\/promax24-reinigung.de\/?s={search_term_string}\"},\"query-input\":{\"@type\":\"PropertyValueSpecification\",\"valueRequired\":true,\"valueName\":\"search_term_string\"}}],\"inLanguage\":\"de\"}]}<\/script>\n<!-- \/ Yoast SEO plugin. -->","yoast_head_json":{"title":"Impressum - Promax 24","robots":{"index":"noindex","follow":"nofollow"},"og_locale":"de_DE","og_type":"article","og_title":"Impressum - Promax 24","og_description":"Impressum Angaben gem\u00e4\u00df \u00a7 5 TMG: Promax 24 \u2013 Professionelle Reinigungsservices Schulhausstra\u00dfe 19, 79713 Bad S\u00e4ckingen Kontakt:Telefon: 0155 66531450E-Mail: info@promax24-reinigung.de Vertretungsberechtigte Person:Amer Al Saleh Umsatzsteuer-Identifikationsnummer (UID):[Nummer falls vorhanden] T\u00e4tigkeitsbereiche:Wir bieten unsere professionellen Reinigungsservices in folgenden Regionen an: Waldshut-Tiengen, Laufenburg, Bad S\u00e4ckingen, Lauchringen, Murg und Albbruck. Haftungsausschluss:Die Inhalte dieser Website werden mit gr\u00f6\u00dftm\u00f6glicher Sorgfalt erstellt. Promax [&hellip;]","og_url":"https:\/\/promax24-reinigung.de\/de\/impressum\/","og_site_name":"Promax 24","article_modified_time":"2026-04-09T14:58:06+00:00","twitter_card":"summary_large_image","twitter_misc":{"Gesch\u00e4tzte Lesezeit":"1\u00a0Minute"},"schema":{"@context":"https:\/\/schema.org","@graph":[{"@type":"WebPage","@id":"https:\/\/promax24-reinigung.de\/impressum\/","url":"https:\/\/promax24-reinigung.de\/impressum\/","name":"Impressum - Promax 24","isPartOf":{"@id":"https:\/\/promax24-reinigung.de\/#website"},"datePublished":"2026-03-17T08:55:43+00:00","dateModified":"2026-04-09T14:58:06+00:00","breadcrumb":{"@id":"https:\/\/promax24-reinigung.de\/impressum\/#breadcrumb"},"inLanguage":"de","potentialAction":[{"@type":"ReadAction","target":["https:\/\/promax24-reinigung.de\/impressum\/"]}]},{"@type":"BreadcrumbList","@id":"https:\/\/promax24-reinigung.de\/impressum\/#breadcrumb","itemListElement":[{"@type":"ListItem","position":1,"name":"Home","item":"https:\/\/promax24-reinigung.de\/"},{"@type":"ListItem","position":2,"name":"Impressum"}]},{"@type":"WebSite","@id":"https:\/\/promax24-reinigung.de\/#website","url":"https:\/\/promax24-reinigung.de\/","name":"Promax 24","description":"Promax 24","potentialAction":[{"@type":"SearchAction","target":{"@type":"EntryPoint","urlTemplate":"https:\/\/promax24-reinigung.de\/?s={search_term_string}"},"query-input":{"@type":"PropertyValueSpecification","valueRequired":true,"valueName":"search_term_string"}}],"inLanguage":"de"}]}},"_links":{"self":[{"href":"https:\/\/promax24-reinigung.de\/de\/wp-json\/wp\/v2\/pages\/3735","targetHints":{"allow":["GET"]}}],"collection":[{"href":"https:\/\/promax24-reinigung.de\/de\/wp-json\/wp\/v2\/pages"}],"about":[{"href":"https:\/\/promax24-reinigung.de\/de\/wp-json\/wp\/v2\/types\/page"}],"author":[{"embeddable":true,"href":"https:\/\/promax24-reinigung.de\/de\/wp-json\/wp\/v2\/users\/1"}],"replies":[{"embeddable":true,"href":"https:\/\/promax24-reinigung.de\/de\/wp-json\/wp\/v2\/comments?post=3735"}],"version-history":[{"count":3,"href":"https:\/\/promax24-reinigung.de\/de\/wp-json\/wp\/v2\/pages\/3735\/revisions"}],"predecessor-version":[{"id":4780,"href":"https:\/\/promax24-reinigung.de\/de\/wp-json\/wp\/v2\/pages\/3735\/revisions\/4780"}],"wp:attachment":[{"href":"https:\/\/promax24-reinigung.de\/de\/wp-json\/wp\/v2\/media?parent=3735"}],"curies":[{"name":"wp","href":"https:\/\/api.w.org\/{rel}","templated":true}]}}