{"id":3754,"date":"2026-03-17T09:37:47","date_gmt":"2026-03-17T09:37:47","guid":{"rendered":"https:\/\/promax24-reinigung.de\/?page_id=3754"},"modified":"2026-04-09T14:59:51","modified_gmt":"2026-04-09T14:59:51","slug":"datenschutz","status":"publish","type":"page","link":"https:\/\/promax24-reinigung.de\/de\/datenschutz\/","title":{"rendered":"Datenschutz"},"content":{"rendered":"\t\t<div data-elementor-type=\"wp-page\" data-elementor-id=\"3754\" class=\"elementor elementor-3754\" data-elementor-post-type=\"page\">\n\t\t\t\t<div class=\"elementor-element elementor-element-05790bb e-flex e-con-boxed e-con e-parent\" data-id=\"05790bb\" data-element_type=\"container\" data-e-type=\"container\">\n\t\t\t\t\t<div class=\"e-con-inner\">\n\t\t<div class=\"elementor-element elementor-element-6666b2e e-con-full e-flex e-con e-child\" data-id=\"6666b2e\" data-element_type=\"container\" data-e-type=\"container\" data-settings=\"{&quot;background_background&quot;:&quot;classic&quot;}\">\n\t\t\t\t<div class=\"elementor-element elementor-element-dcd0534 elementor-widget elementor-widget-text-editor\" data-id=\"dcd0534\" data-element_type=\"widget\" data-e-type=\"widget\" data-widget_type=\"text-editor.default\">\n\t\t\t\t\t\t\t\t\t<h1 data-start=\"242\" data-end=\"255\">Datenschutz<\/h1><p data-start=\"142\" data-end=\"369\">Der Schutz Ihrer pers\u00f6nlichen Daten ist uns ein wichtiges Anliegen. <strong data-start=\"210\" data-end=\"223\">Promax 24<\/strong> behandelt Ihre personenbezogenen Daten vertraulich und entsprechend der gesetzlichen Datenschutzvorschriften sowie dieser Datenschutzerkl\u00e4rung.<\/p><h4 data-start=\"397\" data-end=\"510\">1. Verantwortliche Stelle<\/h4><p data-start=\"512\" data-end=\"588\"><strong data-start=\"413\" data-end=\"462\">Promax 24\u00a0<\/strong><br data-start=\"462\" data-end=\"465\" \/>Schulhausstra\u00dfe 19<br data-start=\"483\" data-end=\"486\" \/>79713 Bad S\u00e4ckingen<br data-start=\"505\" data-end=\"508\" \/>E-Mail: <a href=\"mailto:info@promax24-reinigung.de\">info@promax24-reinigung.de<\/a><br \/>Telefon: <a href=\"tel:0155 66531450\">0155 66531450<\/a><br \/>Inhaber: Amer Al Saleh<\/p><h4 data-start=\"590\" data-end=\"709\">2. Erhebung und Speicherung personenbezogener Daten<br \/>[Nummer falls vorhanden]<\/h4><p data-start=\"652\" data-end=\"866\">Wir erheben nur die Daten, die zur Buchung einer Reinigung, zur Kontaktaufnahme oder zur Bereitstellung unserer Dienstleistungen notwendig sind. Dazu geh\u00f6ren Name, E-Mail-Adresse, Telefonnummer und Terminw\u00fcnsche.<\/p><h4 data-start=\"1274\" data-end=\"1591\">3. Zweck der Datenverarbeitung<\/h4><p data-start=\"915\" data-end=\"1178\">Ihre Daten werden ausschlie\u00dflich zur Bearbeitung Ihrer Anfragen, zur Terminplanung und zur Abwicklung unserer Dienstleistungen verwendet. Eine Weitergabe an Dritte erfolgt nur, soweit dies zur Vertragserf\u00fcllung notwendig ist oder gesetzlich vorgeschrieben wird.<\/p><h4 data-start=\"1274\" data-end=\"1591\">4. Cookies<\/h4><p data-start=\"1207\" data-end=\"1429\">Unsere Website verwendet Cookies, um die Nutzung der Website zu erleichtern und bestimmte Funktionen bereitzustellen. Cookies speichern keine sensiblen Daten, sondern helfen, den Besuch f\u00fcr Sie komfortabler zu gestalten.<\/p><h4 data-start=\"1274\" data-end=\"1591\">5. Rechte der Nutzer<\/h4><p data-start=\"1468\" data-end=\"1667\">Sie haben jederzeit das Recht auf Auskunft, Berichtigung, L\u00f6schung oder Einschr\u00e4nkung der Verarbeitung Ihrer gespeicherten personenbezogenen Daten. Bitte wenden Sie sich dazu an: info@promax24-reinigung.de<\/p><h4 data-start=\"1274\" data-end=\"1591\">6. Datensicherheit<\/h4><p data-start=\"1704\" data-end=\"1851\">Wir setzen technische und organisatorische Sicherheitsma\u00dfnahmen ein, um Ihre Daten gegen Verlust, Missbrauch oder unbefugten Zugriff zu sch\u00fctzen.<\/p><h4 data-start=\"1274\" data-end=\"1591\">7. \u00c4nderungen der Datenschutzerkl\u00e4rung<\/h4><p data-start=\"1908\" data-end=\"2058\">Promax 24 beh\u00e4lt sich das Recht vor, diese Datenschutzerkl\u00e4rung jederzeit zu \u00e4ndern. Die jeweils aktuelle Version ist auf unserer Website verf\u00fcgbar.<\/p>\t\t\t\t\t\t\t\t<\/div>\n\t\t\t\t<\/div>\n\t\t\t\t\t<\/div>\n\t\t\t\t<\/div>\n\t\t\t\t<\/div>\n\t\t","protected":false},"excerpt":{"rendered":"<p>Datenschutz Der Schutz Ihrer pers\u00f6nlichen Daten ist uns ein wichtiges Anliegen. Promax 24 behandelt Ihre personenbezogenen Daten vertraulich und entsprechend der gesetzlichen Datenschutzvorschriften sowie dieser Datenschutzerkl\u00e4rung. 1. Verantwortliche Stelle Promax 24\u00a0Schulhausstra\u00dfe 1979713 Bad S\u00e4ckingenE-Mail: info@promax24-reinigung.deTelefon: 0155 66531450Inhaber: Amer Al Saleh 2. Erhebung und Speicherung personenbezogener Daten[Nummer falls vorhanden] Wir erheben nur die Daten, die zur [&hellip;]<\/p>\n","protected":false},"author":1,"featured_media":0,"parent":0,"menu_order":0,"comment_status":"closed","ping_status":"closed","template":"page-templates\/template-default.php","meta":{"_monsterinsights_skip_tracking":false,"_monsterinsights_sitenote_active":false,"_monsterinsights_sitenote_note":"","_monsterinsights_sitenote_category":0,"footnotes":""},"class_list":["post-3754","page","type-page","status-publish","hentry"],"yoast_head":"<!-- This site is optimized with the Yoast SEO plugin v27.2 - https:\/\/yoast.com\/product\/yoast-seo-wordpress\/ -->\n<title>Datenschutz - Promax 24<\/title>\n<meta name=\"robots\" content=\"noindex, nofollow\" \/>\n<meta property=\"og:locale\" content=\"de_DE\" \/>\n<meta property=\"og:type\" content=\"article\" \/>\n<meta property=\"og:title\" content=\"Datenschutz - Promax 24\" \/>\n<meta property=\"og:description\" content=\"Datenschutz Der Schutz Ihrer pers\u00f6nlichen Daten ist uns ein wichtiges Anliegen. Promax 24 behandelt Ihre personenbezogenen Daten vertraulich und entsprechend der gesetzlichen Datenschutzvorschriften sowie dieser Datenschutzerkl\u00e4rung. 1. Verantwortliche Stelle Promax 24\u00a0Schulhausstra\u00dfe 1979713 Bad S\u00e4ckingenE-Mail: info@promax24-reinigung.deTelefon: 0155 66531450Inhaber: Amer Al Saleh 2. Erhebung und Speicherung personenbezogener Daten[Nummer falls vorhanden] Wir erheben nur die Daten, die zur [&hellip;]\" \/>\n<meta property=\"og:url\" content=\"https:\/\/promax24-reinigung.de\/de\/datenschutz\/\" \/>\n<meta property=\"og:site_name\" content=\"Promax 24\" \/>\n<meta property=\"article:modified_time\" content=\"2026-04-09T14:59:51+00:00\" \/>\n<meta name=\"twitter:card\" content=\"summary_large_image\" \/>\n<meta name=\"twitter:label1\" content=\"Gesch\u00e4tzte Lesezeit\" \/>\n\t<meta name=\"twitter:data1\" content=\"1\u00a0Minute\" \/>\n<script type=\"application\/ld+json\" class=\"yoast-schema-graph\">{\"@context\":\"https:\/\/schema.org\",\"@graph\":[{\"@type\":\"WebPage\",\"@id\":\"https:\/\/promax24-reinigung.de\/datenschutz\/\",\"url\":\"https:\/\/promax24-reinigung.de\/datenschutz\/\",\"name\":\"Datenschutz - Promax 24\",\"isPartOf\":{\"@id\":\"https:\/\/promax24-reinigung.de\/#website\"},\"datePublished\":\"2026-03-17T09:37:47+00:00\",\"dateModified\":\"2026-04-09T14:59:51+00:00\",\"breadcrumb\":{\"@id\":\"https:\/\/promax24-reinigung.de\/datenschutz\/#breadcrumb\"},\"inLanguage\":\"de\",\"potentialAction\":[{\"@type\":\"ReadAction\",\"target\":[\"https:\/\/promax24-reinigung.de\/datenschutz\/\"]}]},{\"@type\":\"BreadcrumbList\",\"@id\":\"https:\/\/promax24-reinigung.de\/datenschutz\/#breadcrumb\",\"itemListElement\":[{\"@type\":\"ListItem\",\"position\":1,\"name\":\"Home\",\"item\":\"https:\/\/promax24-reinigung.de\/\"},{\"@type\":\"ListItem\",\"position\":2,\"name\":\"Datenschutz\"}]},{\"@type\":\"WebSite\",\"@id\":\"https:\/\/promax24-reinigung.de\/#website\",\"url\":\"https:\/\/promax24-reinigung.de\/\",\"name\":\"Promax 24\",\"description\":\"Promax 24\",\"potentialAction\":[{\"@type\":\"SearchAction\",\"target\":{\"@type\":\"EntryPoint\",\"urlTemplate\":\"https:\/\/promax24-reinigung.de\/?s={search_term_string}\"},\"query-input\":{\"@type\":\"PropertyValueSpecification\",\"valueRequired\":true,\"valueName\":\"search_term_string\"}}],\"inLanguage\":\"de\"}]}<\/script>\n<!-- \/ Yoast SEO plugin. -->","yoast_head_json":{"title":"Datenschutz - Promax 24","robots":{"index":"noindex","follow":"nofollow"},"og_locale":"de_DE","og_type":"article","og_title":"Datenschutz - Promax 24","og_description":"Datenschutz Der Schutz Ihrer pers\u00f6nlichen Daten ist uns ein wichtiges Anliegen. Promax 24 behandelt Ihre personenbezogenen Daten vertraulich und entsprechend der gesetzlichen Datenschutzvorschriften sowie dieser Datenschutzerkl\u00e4rung. 1. Verantwortliche Stelle Promax 24\u00a0Schulhausstra\u00dfe 1979713 Bad S\u00e4ckingenE-Mail: info@promax24-reinigung.deTelefon: 0155 66531450Inhaber: Amer Al Saleh 2. Erhebung und Speicherung personenbezogener Daten[Nummer falls vorhanden] Wir erheben nur die Daten, die zur [&hellip;]","og_url":"https:\/\/promax24-reinigung.de\/de\/datenschutz\/","og_site_name":"Promax 24","article_modified_time":"2026-04-09T14:59:51+00:00","twitter_card":"summary_large_image","twitter_misc":{"Gesch\u00e4tzte Lesezeit":"1\u00a0Minute"},"schema":{"@context":"https:\/\/schema.org","@graph":[{"@type":"WebPage","@id":"https:\/\/promax24-reinigung.de\/datenschutz\/","url":"https:\/\/promax24-reinigung.de\/datenschutz\/","name":"Datenschutz - Promax 24","isPartOf":{"@id":"https:\/\/promax24-reinigung.de\/#website"},"datePublished":"2026-03-17T09:37:47+00:00","dateModified":"2026-04-09T14:59:51+00:00","breadcrumb":{"@id":"https:\/\/promax24-reinigung.de\/datenschutz\/#breadcrumb"},"inLanguage":"de","potentialAction":[{"@type":"ReadAction","target":["https:\/\/promax24-reinigung.de\/datenschutz\/"]}]},{"@type":"BreadcrumbList","@id":"https:\/\/promax24-reinigung.de\/datenschutz\/#breadcrumb","itemListElement":[{"@type":"ListItem","position":1,"name":"Home","item":"https:\/\/promax24-reinigung.de\/"},{"@type":"ListItem","position":2,"name":"Datenschutz"}]},{"@type":"WebSite","@id":"https:\/\/promax24-reinigung.de\/#website","url":"https:\/\/promax24-reinigung.de\/","name":"Promax 24","description":"Promax 24","potentialAction":[{"@type":"SearchAction","target":{"@type":"EntryPoint","urlTemplate":"https:\/\/promax24-reinigung.de\/?s={search_term_string}"},"query-input":{"@type":"PropertyValueSpecification","valueRequired":true,"valueName":"search_term_string"}}],"inLanguage":"de"}]}},"_links":{"self":[{"href":"https:\/\/promax24-reinigung.de\/de\/wp-json\/wp\/v2\/pages\/3754","targetHints":{"allow":["GET"]}}],"collection":[{"href":"https:\/\/promax24-reinigung.de\/de\/wp-json\/wp\/v2\/pages"}],"about":[{"href":"https:\/\/promax24-reinigung.de\/de\/wp-json\/wp\/v2\/types\/page"}],"author":[{"embeddable":true,"href":"https:\/\/promax24-reinigung.de\/de\/wp-json\/wp\/v2\/users\/1"}],"replies":[{"embeddable":true,"href":"https:\/\/promax24-reinigung.de\/de\/wp-json\/wp\/v2\/comments?post=3754"}],"version-history":[{"count":3,"href":"https:\/\/promax24-reinigung.de\/de\/wp-json\/wp\/v2\/pages\/3754\/revisions"}],"predecessor-version":[{"id":4783,"href":"https:\/\/promax24-reinigung.de\/de\/wp-json\/wp\/v2\/pages\/3754\/revisions\/4783"}],"wp:attachment":[{"href":"https:\/\/promax24-reinigung.de\/de\/wp-json\/wp\/v2\/media?parent=3754"}],"curies":[{"name":"wp","href":"https:\/\/api.w.org\/{rel}","templated":true}]}}